{"id":48,"date":"2018-08-27T08:05:30","date_gmt":"2018-08-27T08:05:30","guid":{"rendered":"http:\/\/nms007.linuxpl.info\/?page_id=48"},"modified":"2019-10-07T23:50:38","modified_gmt":"2019-10-07T23:50:38","slug":"publications","status":"publish","type":"page","link":"https:\/\/paespate.net\/en\/paes-pate\/publications\/","title":{"rendered":"Publications"},"content":{"rendered":"<div class=\"wpb-content-wrapper\"><p>[vc_row][vc_column width=&#8221;1\/3&#8243;][\/vc_column][vc_column width=&#8221;2\/3&#8243;][vc_column_text]<\/p>\n<h3><a href=\"http:\/\/paespate.net\/wp-content\/uploads\/2019\/03\/rsa_1990_2000.jpg\"><img loading=\"lazy\" class=\"alignleft size-medium wp-image-437\" src=\"http:\/\/paespate.net\/wp-content\/uploads\/2019\/03\/rsa_1990_2000-210x300.jpg\" alt=\"\" width=\"210\" height=\"300\" srcset=\"https:\/\/paespate.net\/wp-content\/uploads\/2019\/03\/rsa_1990_2000-210x300.jpg 210w, https:\/\/paespate.net\/wp-content\/uploads\/2019\/03\/rsa_1990_2000.jpg 420w\" sizes=\"(max-width: 210px) 100vw, 210px\" \/><\/a><span style=\"color: #ff0000;\">In Polish only<\/span><br \/>\nReferaty Seminari\u00f3w Antropologicznych 1990-2000<br \/>\n[Papers from Anthropological Seminars 1990-2000]<br \/>\nKrystyna Baliszewska i Andrzej Wala,<\/h3>\n<p>Atlantic City &#8211; Wielichowo 2001,<br \/>\n400 pages,<br \/>\nframe size 16,5cm x 24cm<br \/>\nPrice: US $20.00, Poland: 20 PLN<\/p>\n<p>List of articles:<\/p>\n<p>About Beginnings of Society, and How it Survives \u2013 Andrew J.R. Wala<br \/>\nIntroduction \u2013 Aleksander Posern\u00ad-Zieli\u0144ski<br \/>\n[Wprowadzenie]<br \/>\n1. Historyczno-polityczne implikacje europocentryzmu w procesie podboju i kolonizacji Ameryki oraz doktrynalnego utrwalania zdobyczy w czasach postkolonialnych po wsp\u00f3\u0142czesno\u015b\u0107 &#8211; Andrew J.R. Wala<br \/>\n[Historical and Political Implications of Eurocentrism During the Conquest and Colonization of America, and the Development of its Doctrinal Justification from the Colonial Times to the Present] &#8211; Andrew J.R. Wala<br \/>\n2. K\u0142amstwa, spaczenia, przemilczenia i p\u00f3\u0142prawdy: manowce historii Indian ameryka\u0144skich &#8211; Andrew J.R. Wala<br \/>\n[Lies, Warps, Concealments, and Halftruths: Misleading Paths in American Indian History]<br \/>\n3. Pojmana przez Indian. Relacja Mary Rowlandson jako zapis antropologiczny &#8211; Andrew J.R. Wala<br \/>\n[Captured by Indians. Mary Rowlandson&#8217;s Account as Anthropological Notation]<br \/>\n4. Relacje jezuit\u00f3w jako podstawa kszta\u0142towania si\u0119 wizerunku Indianina w \u015bwiadomo\u015bci europejskiej XVII i XVIII wieku &#8211; Anna Ma\u0142gorzata Czy\u017c<br \/>\n[Jesuits&#8217; Accounts as Base in Forming the Image of the Indian in European Conciousness in 17th and 18th Centuries]<br \/>\n5. Stereotyp Indianina w filmie ameryka\u0144skim &#8211; Ewa Marciniak-D\u017curak<br \/>\n[Indian Stereotype in American Film]<br \/>\n6. Historyczna archeologia Irokez\u00f3w z p\u00f3\u0142nocnowschodniej Ameryki P\u00f3\u0142nocnej &#8211; Dean R. Snow<br \/>\n[Historical Archaeology of Iroquois from Northeastern North America]<br \/>\n7. Tubylcy Manhattanu w okresie pierwszych kontakt\u00f3w z Europejczykami (XVI-XVII w.) &#8211; Krzysztof Kopczy\u0144ski<br \/>\n[Natives of Manhattan in the Period of the First Contact with the Europeans, 16th and 17th Centuries]<br \/>\n8. Od Brotherton do Bridgeton. Indianie New Jersey w XIX i XX wieku &#8211; Andrew J.R. Wala<br \/>\n[From Brotherton to Bridgeton. Indians of New Jersey in 19th and 20th Centuries]<br \/>\n9. Lenni Lenape. Zarys historii wskrzeszonego plemienia &#8211; Andrew J.R. Wala<br \/>\n[Lenni Lenape. An Outline History of the Revived Tribe]<br \/>\n10. Seks i waloryzacje normatywne. Patriarchat europejski a stosunki p\u0142ci u Indian Wschodniego Wybrze\u017ca Ameryki P\u00f3\u0142nocnej &#8211; Andrew J.R. Wala<br \/>\n[Sex and Normative Ratifications. The European Patriarchy and Relations Between Sexes Among Indians of the East Coast of North America]<br \/>\n11. Muzyka Indian Ameryki P\u00f3\u0142nocnej. Charakterystyka &#8211; Anna M. Dobrowolska<br \/>\n[Music of the North American Indians. A Characterization]<br \/>\n12. Spo\u0142eczny kontekst Ta\u0144ca S\u0142o\u0144ca u Arapah\u00f3w P\u00f3\u0142nocnych &#8211; Krzysztof Kopczy\u0144ski<br \/>\n[The Social Context of the Sun Dance Among the Northern Arapahos]<br \/>\n13. Powie\u015b\u0107 i rytua\u0142. Elementy tradycyjne we wsp\u00f3\u0142czesnej powie\u015bci india\u0144skiej &#8211; Ewa Marciniak-D\u017curak<br \/>\n[The Novel and the Ritual. Traditional Elements in the Contemporary Indian Novel]<br \/>\n14. Literatura india\u0144ska i etnografia &#8211; Ewa D\u017curak<br \/>\n[Indian Literature and Ethnography]<br \/>\n15. Konkwista w kontek\u015bcie wsp\u00f3lnych interes\u00f3w i d\u0105\u017ce\u0144 imperialistycznych pa\u0144stwa i Ko\u015bcio\u0142a &#8211; Andrew J.R. Wala<br \/>\n[The Spanish Conquest in Context of Imperial Interests and Aspirations of the State and the Church]<br \/>\n16. Wsp\u00f3\u0142czesny wk\u0142ad Polski i Polonii Ameryka\u0144skiej w nauki humanistyczne, matematyczno-przyrodnicze i techniczne Ameryki \u0141aci\u0144skiej &#8211; Edmund S. Urba\u0144ski<br \/>\n[Recent Polish and Polish American Contributions to Spanish-American Humanities, Sciences, and Technology]<br \/>\n17. Etnokulturowa, spo\u0142eczna i polityczna interpretacja osobowo\u015bci latynoskiej w Nostromo Josepha Conrada &#8211; Marian Hillar<br \/>\n[Ethno-cultural, Social, and Political Interpretation of Spanish-American Personality in J. Conrad&#8217;s Nostromo]<br \/>\n18. Belize. Szkic historyczny. Mo\u017cliwo\u015bci bada\u0144 antropologicznych &#8211; Andrew J.R. Wala<br \/>\n[Belize. Historical Outline. Possibilities for Anthropological Research]<br \/>\n19. Konflikt etniczny w Ekwadorze: kontrowersje metysko-india\u0144skie w Otavalo &#8211; Aleksander Posern-Zieli\u0144ski<br \/>\n[Ethnic Conflict in Ecuador. Indian-Metis Controversies in Otavalo]<br \/>\n20. Mieszka\u0144cy Himalaj\u00f3w rejonu Annapurny i Langtangu &#8211; Ma\u0142gorzata G\u0105sienica-Ma\u0142ek<br \/>\n[Inhabitants of Himalaya Regions of Annapurna and Lantangu]<br \/>\n21. O nacjach i wiarach. Z bada\u0144 nad samo\u015bwiadomo\u015bci\u0105 spo\u0142eczno\u015bci lokalnych, na pograniczu katolicko-prawos\u0142awnym na Bia\u0142orusi &#8211; Anna Engelking<br \/>\n[Of Peoples and Believes. From Research on Self Identity of the Bordering Communities of Roman and Orthodox Catholics in Belorussia]<br \/>\n22. Kl\u0105twa rodzicielska w kulturze ludowej &#8211; Anna Engelking<br \/>\n[Parental Curse in Folk Culture][\/vc_column_text][vc_column_text]<\/p>\n<h3><span style=\"color: #ff0000;\"><a href=\"http:\/\/paespate.net\/wp-content\/uploads\/2019\/03\/ikii_2000_2008.jpg\"><img loading=\"lazy\" class=\"alignleft size-medium wp-image-440\" src=\"http:\/\/paespate.net\/wp-content\/uploads\/2019\/03\/ikii_2000_2008-212x300.jpg\" alt=\"\" width=\"212\" height=\"300\" srcset=\"https:\/\/paespate.net\/wp-content\/uploads\/2019\/03\/ikii_2000_2008-212x300.jpg 212w, https:\/\/paespate.net\/wp-content\/uploads\/2019\/03\/ikii_2000_2008.jpg 420w\" sizes=\"(max-width: 212px) 100vw, 212px\" \/><\/a>In Polish<\/span> and <span style=\"color: #0000ff;\">some English<\/span><br \/>\nIndianie Kalinago i inni&#8230; Referaty Seminari\u00f3w Antropologicznych 2001-2008<br \/>\n[Kalinago, and other Indians&#8230; Papers from Anthropological Seminars 2001-2008]<br \/>\nAndrzej J.R. Wala i Krystyna Baliszewska,<\/h3>\n<p>Atlantic City &#8211; Wielichowo 2009,<br \/>\n512 pages,<br \/>\nframe size 16,5cm x 24cm<br \/>\nPrice: US $25, Poland: 40 PLN<\/p>\n<p>List of article:<\/p>\n<p>Wprowadzenie &#8211; Aleksander Posern-Zieli\u0144ski<br \/>\n[Introduction]<br \/>\n1. Biali Indianie. O akulturacji Francuz\u00f3w w XVII i XVIII-wiecznej Kanadzie &#8211; Anna Ma\u0142gorzata Czy\u017c<br \/>\n[White Indians. Of Acculturation of the French in New France]<br \/>\n2. Przekroczy\u0107 tabu. Przypadki kanibalizmu w Nowej Francji &#8211; Anna Ma\u0142gorzata Czy\u017c<br \/>\n[To Cross the Taboo. Incidents of Cannibalism in New France]<br \/>\n3. Trzecia p\u0142e\u0107. Koncepcje p\u0142ciowosci w tubylczych kulturach Indian Ameryki P\u00f3\u0142nocnej &#8211; Waldemar Kuligowski<br \/>\n[Third Sex. Concepts of Sex Among Native Indian Cultures of North America]<br \/>\n4. Rytua\u0142, wzajemno\u015b\u0107 i organizacja spo\u0142eczna na przyk\u0142adzie Kiowa-Apacz\u00f3w &#8211; John J. Beatty<br \/>\n<span style=\"color: #0000ff;\">[Ritual, Reciprocity and Social Organization (the example of Kiowa-Apache)]<\/span><br \/>\n5. Etnoastronomia Indian ameryka\u0144skich &#8211; John J. Beatty<br \/>\n<span style=\"color: #0000ff;\">[Ethnoastronomy of American Indians]<\/span><br \/>\n6. Kultura Indian Pueblo w regionie Mesa Verde. Mo\u017cliwosci rekonstrukcji przesz\u0142osci w oparciu o wsp\u00f3\u0142prac\u0119 archeolog\u00f3w z Rdzennymi Amerykanami &#8211; Rados\u0142aw Palonka<br \/>\n[Pueblo Indian Culture in the Region of Mesa Verde. Possibilities of Reconstructing the Past by Archaeologists&#8217; Cooperation with Native Americans]<br \/>\n7. Tony&#8217;ego Hillermana romans z Po\u0142udniowym Zachodem &#8211; Ewa D\u017curak<br \/>\n[Tony Hillerman&#8217;s Romance with the Southwest]<br \/>\n8. Bieganie po india\u0144sku: uwagi na marginesie przygotowa\u0144 do maratonu &#8211; Ewa D\u017curak<br \/>\n[Running the Indian Style: Notes on a Margin of the Preparation for the Marathon]<br \/>\n9. Wielki rozkwit w czasach upadku. Nakum w schy\u0142kowym okresie klasycznym &#8211; Jaros\u0142aw \u0179ra\u0142ka<br \/>\n[A Great Heyday in Time of Collapse. Nakum in Terminal Classic]<br \/>\n10. Polskie badania w Nakum i odkrycie grobowca kr\u00f3lewskiego Maj\u00f3w &#8211; Wies\u0142aw Koszkul i Jaros\u0142aw \u0179ra\u0142ka<br \/>\n[Polish Archaeological Research in Nakum, and the Discovery of the Maya Royal Tomb]<br \/>\n11. Na granicy sztuki oficjalnej i popularnej. Graffiti z osrodka Maj\u00f3w w Nakum &#8211; Justyna Olko i Jaros\u0142aw \u0179ra\u0142ka<br \/>\n[Between Official and Popular Art. Graffiti from Maya site in Nakum]<br \/>\n12. Ludob\u00f3jstwo podboju Ameryki. Rozmy\u015blania nad moraln\u0105 n\u0119dz\u0105 cywilizacji chrzescija\u0144skiej &#8211; Andrzej J.R. Wala<br \/>\n[Genocide of America&#8217;s Conquest. Meditations on Moral Misery of Christian Civilization]<br \/>\n13. O ludob\u00f3jstwie Indian &#8211; Zofia Kozimor<br \/>\n[Of Genocide of Indians]<br \/>\n14. Indianie Taino. Szkic dziej\u00f3w, zag\u0142ady i przetrwania &#8211; Andrzej J.R. Wala<br \/>\n[Taino Indians. The Outline of History, Extermination, and Survival]<br \/>\n15. Kalinago, Indianie szmaragdowej wyspy &#8211; Andrzej J.R. Wala<br \/>\n[Kalinago. Indians from Emerald Island]<br \/>\n16. Kuri-Kuri Indian z P\u00f3\u0142wyspu Kalifornijskiego w Meksyku &#8211; Jerzy Barankiewicz<br \/>\n[Kuri-kuri of Indians from California Peninsula in Mexico]<br \/>\n17. Ceramika Indian Paipai i Kumiai z P\u00f3\u0142wyspu Kalifornijskiego w Meksyku &#8211; Jerzy Barankiewicz, Jan Barankiewicz<br \/>\n[Pottery of Paipai and Kumiai Indians from California Peninsula in Mexico]<br \/>\n18. Totalitaryzm religijny &#8211; Dariusz A. Majer<br \/>\n[Religious Totalitarianism]<br \/>\n19. Kateri Tegakouita. Milcz\u0105ca \u015bwi\u0119ta Mohawk\u00f3w &#8211; Anna Ma\u0142gorzata Czy\u017c<br \/>\n[Kateri Tegakouita. The Silent Saint of Mohawks]<br \/>\n20. Istota prozelityzmu. Misje chrze\u015bcija\u0144skie a Indianie ameryka\u0144scy &#8211; Andrzej J.R. Wala<br \/>\n[Essence of Proselytism. Christian Missions and American Indians]<br \/>\n21. Niewidzialni wojownicy, czyli o co walcz\u0105 dzi\u015b Indianie &#8211; Marek Macio\u0142ek<br \/>\n[Invisible Warriors, or, of what Indians are Fighting Today]<br \/>\n22. Niewidzialni Indianie stan\u00f3w New Jersey i Delaware &#8211; Edward F. Heite<br \/>\n<span style=\"color: #0000ff;\">[Invisible Indians of New Jersey and Delaware]<\/span><br \/>\n23. \u0179r\u00f3d\u0142a to\u017csamosci Nanticoke Lenni-Lenap\u00f3w z po\u0142udnia New Jersey. Etnohistoria i wsp\u00f3\u0142czesno\u015b\u0107 &#8211; Bartosz Hlebowicz<br \/>\n[Sources of Identity of Nanticoke Lenni-Lenape from the South of New Jersey. The Ethnohistory and the Present]<br \/>\n24. &#8220;Aby w waszych umys\u0142ach nie pozosta\u0142 niepok\u00f3j, kt\u00f3ry m\u00f3g\u0142by wzbudzi\u0107 cho\u0107by cie\u0144 z\u0142ej woli wobec braci waszych&#8221;, czyli o magii wampumu w Ameryce kolonialnej &#8211; Bartosz Hlebowicz<br \/>\n[\u201eWe desire you will suffer no uneasiness to remain in your minds, that may cause the least ill will towards your Brethren\u201d. Magic of Wampum in the Colonial North America]<br \/>\n25. Konstruowanie &#8220;dzikiego&#8221;, czyli o Indianach w filmie ameryka\u0144skim &#8211; Bartosz Hlebowicz<br \/>\n[Constructing the \u201eSavage\u201d: About Indians in American Film]<br \/>\n26. Znani i lubiani, czyli jak nie pisa\u0107 dzis o Indianach (wyznania redaktora) &#8211; Marek Macio\u0142ek<br \/>\n[The Known and the Liked, or, How Not to Write About Indians. (A Confession of an Editor)]<br \/>\n27. Polski Ruch Przyjaci\u00f3\u0142 Indian wczoraj, dzis i jutro &#8211; Marek Nowocie\u0144<br \/>\n[The Polish Movement of the Friends of Indians: Yesterday, Today, and Tomorrow]<br \/>\n28. Polak na india\u0144skiej ziemi. O Andrzeju Wali i jego felietonowej wizji Ameryki &#8211; Bartosz Hlebowicz<br \/>\n[A Pole in the Indian Country. Of Andrew Wala and his Journalistic Vision of America][\/vc_column_text][vc_column_text]<\/p>\n<h3><a href=\"http:\/\/paespate.net\/wp-content\/uploads\/2019\/03\/fbtb.jpg\"><img loading=\"lazy\" class=\"alignleft size-medium wp-image-442\" src=\"http:\/\/paespate.net\/wp-content\/uploads\/2019\/03\/fbtb-220x300.jpg\" alt=\"\" width=\"220\" height=\"300\" srcset=\"https:\/\/paespate.net\/wp-content\/uploads\/2019\/03\/fbtb-220x300.jpg 220w, https:\/\/paespate.net\/wp-content\/uploads\/2019\/03\/fbtb.jpg 420w\" sizes=\"(max-width: 220px) 100vw, 220px\" \/><\/a><span style=\"color: #0000ff;\">In English only<\/span><br \/>\nFrom Brotherton to Bridgeton. Indians of New Jersey in 19th and 20th Centuries<br \/>\nAndrew J.R. Wala<\/h3>\n<p>Atlantic City &#8211; Wielichowo 2006,<br \/>\npages 10,<br \/>\nframe size 16,5cm x 24cm<br \/>\nPrice US: $2, Poland: 2 PLN<\/p>\n<p>Description<\/p>\n<p>Anthropological Papers of the Polish-American Ethnological Society in Memory of Bronis\u0142aw Malinowski.<br \/>\nPaper presented at the 50th International Congress of Americanists for the Section ANT-8 &#8220;The North American Indians: the Past, the Present and the Future&#8221;, Warsaw, July 10-14, 2000.<br \/>\nPresiding Chair: Dr. Izabella Rusinowa, Professor in the History Department of the University of Warsaw, Poland,[\/vc_column_text][vc_column_text]<\/p>\n<h3><a href=\"http:\/\/paespate.net\/wp-content\/uploads\/2019\/03\/zasmdpaw.jpg\"><img loading=\"lazy\" class=\"alignleft size-medium wp-image-444\" src=\"http:\/\/paespate.net\/wp-content\/uploads\/2019\/03\/zasmdpaw-219x300.jpg\" alt=\"\" width=\"219\" height=\"300\" srcset=\"https:\/\/paespate.net\/wp-content\/uploads\/2019\/03\/zasmdpaw-219x300.jpg 219w, https:\/\/paespate.net\/wp-content\/uploads\/2019\/03\/zasmdpaw.jpg 438w\" sizes=\"(max-width: 219px) 100vw, 219px\" \/><\/a><span style=\"color: #ff0000;\">In Polish only<\/span><br \/>\nZ Atlantic City m\u00f3wi do Pa\u0144stwa&#8230;<br \/>\n[From Atlantic City speaks to you&#8230;]<br \/>\nAndrew J.R. Wala<\/h3>\n<p>pages 368,<br \/>\nframe size 14,5cm x 20,5cm<br \/>\nPrice US: $15, Poland: 15 PLN<\/p>\n<p>Description<\/p>\n<p>Radio speaches in a columnist style for three Polish Radio programs in Philadelphia, PA: Radio Kalejdoskop, Radio Zbli\u017cenia and Polish American Radio, WNWR 1540 AM. Issued by PAES Dept. of Art and Entertainment. Atlantic City 2004.[\/vc_column_text][vc_column_text]<\/p>\n<h3><a href=\"http:\/\/paespate.net\/wp-content\/uploads\/2019\/03\/rbib.jpg\"><img loading=\"lazy\" class=\"alignleft size-medium wp-image-446\" src=\"http:\/\/paespate.net\/wp-content\/uploads\/2019\/03\/rbib-192x300.jpg\" alt=\"\" width=\"192\" height=\"300\" srcset=\"https:\/\/paespate.net\/wp-content\/uploads\/2019\/03\/rbib-192x300.jpg 192w, https:\/\/paespate.net\/wp-content\/uploads\/2019\/03\/rbib.jpg 420w\" sizes=\"(max-width: 192px) 100vw, 192px\" \/><\/a><span style=\"color: #ff0000;\">In Polish only<\/span><br \/>\nRymiki blu\u017aniercze i bezwstydne<br \/>\n[Blasphemous and Shameless Rhymes]<br \/>\nJedrzej Bielski<\/h3>\n<p>pages 192,<br \/>\nframe size 12,5cm x 19,5cm<br \/>\nPrice US: $10, Poland: 15 PLN<\/p>\n<p>Description<\/p>\n<p>The rhymes sneeringly attacking conservative and religious views. Drawings by Malgorzata Oberc.<br \/>\nIssued by PAES Dept. of Art and Entertainment. Atlantic City 2002.[\/vc_column_text][vc_column_text]<\/p>\n<h3><a href=\"http:\/\/paespate.net\/wp-content\/uploads\/2019\/03\/nzm.jpg\"><img loading=\"lazy\" class=\"alignleft size-medium wp-image-448\" src=\"http:\/\/paespate.net\/wp-content\/uploads\/2019\/03\/nzm-193x300.jpg\" alt=\"\" width=\"193\" height=\"300\" srcset=\"https:\/\/paespate.net\/wp-content\/uploads\/2019\/03\/nzm-193x300.jpg 193w, https:\/\/paespate.net\/wp-content\/uploads\/2019\/03\/nzm.jpg 385w\" sizes=\"(max-width: 193px) 100vw, 193px\" \/><\/a><span style=\"color: #ff0000;\">In Polish only<\/span><br \/>\nNar\u0119cza zielonych marze\u0144<br \/>\n[Armfuls of Green Dreams]<br \/>\nAnna M. Czy\u017c<\/h3>\n<p>pages 29,<br \/>\nframe size 12,5cm x 19,5cm<br \/>\nPrice US: $5, Poland: 10 PLN<\/p>\n<p>Description<\/p>\n<p>Twenty poems. Cover by Malgorzata Oberc. Issued by PAES Dept. of Art and Entertainment. Atlantic City 2004.[\/vc_column_text][vc_column_text]<\/p>\n<h3><a href=\"http:\/\/paespate.net\/wp-content\/uploads\/2019\/03\/cmg.jpg\"><img loading=\"lazy\" class=\"alignleft size-medium wp-image-450\" src=\"http:\/\/paespate.net\/wp-content\/uploads\/2019\/03\/cmg-191x300.jpg\" alt=\"\" width=\"191\" height=\"300\" srcset=\"https:\/\/paespate.net\/wp-content\/uploads\/2019\/03\/cmg-191x300.jpg 191w, https:\/\/paespate.net\/wp-content\/uploads\/2019\/03\/cmg.jpg 381w\" sizes=\"(max-width: 191px) 100vw, 191px\" \/><\/a><span style=\"color: #ff0000;\">In Polish only<\/span><br \/>\nCa\u0142y m\u00f3j grzech<br \/>\n[Whole sin of mine]<br \/>\nAndrzej J.R. Wala<\/h3>\n<p>pages 68,<br \/>\nframe size 12,5cm x 19,5cm<br \/>\nPrice US: $5, Poland: 10 PLN<\/p>\n<p>Description<\/p>\n<p>Forty Five poems. Cover by Author. Issued by PAES Dept of Art and Entertainment.<br \/>\nAtlantic City 2004.[\/vc_column_text][vc_column_text]<\/p>\n<h3><a href=\"http:\/\/paespate.net\/wp-content\/uploads\/2019\/03\/wcs.jpg\"><img loading=\"lazy\" class=\"alignleft size-medium wp-image-452\" src=\"http:\/\/paespate.net\/wp-content\/uploads\/2019\/03\/wcs-193x300.jpg\" alt=\"\" width=\"193\" height=\"300\" srcset=\"https:\/\/paespate.net\/wp-content\/uploads\/2019\/03\/wcs-193x300.jpg 193w, https:\/\/paespate.net\/wp-content\/uploads\/2019\/03\/wcs.jpg 385w\" sizes=\"(max-width: 193px) 100vw, 193px\" \/><\/a><span style=\"color: #ff0000;\">In Polish only<\/span><br \/>\nW cudzym sadzie<br \/>\n[In other people&#8217;s orchard]<br \/>\nBarbara Nazarkiewicz-Ashell<\/h3>\n<p>pages 55,<br \/>\nframe size 12,5cm x 19,5cm<br \/>\nPrice US: $5, Poland: 10 PLN<\/p>\n<p>Description<\/p>\n<p>Fifty Three poems. On the cover leather sculpture by Malgorzata Oberc.<br \/>\nIssued by PAES Dept. of Art and Entertainment. Atlantic City 2006..[\/vc_column_text][vc_column_text]<\/p>\n<h3><a href=\"http:\/\/paespate.net\/wp-content\/uploads\/2019\/03\/zacmsl.jpg\"><img loading=\"lazy\" class=\"alignleft size-medium wp-image-454\" src=\"http:\/\/paespate.net\/wp-content\/uploads\/2019\/03\/zacmsl-207x300.jpg\" alt=\"\" width=\"207\" height=\"300\" srcset=\"https:\/\/paespate.net\/wp-content\/uploads\/2019\/03\/zacmsl-207x300.jpg 207w, https:\/\/paespate.net\/wp-content\/uploads\/2019\/03\/zacmsl.jpg 430w\" sizes=\"(max-width: 207px) 100vw, 207px\" \/><\/a><span style=\"color: #ff0000;\">In Polish only<\/span><br \/>\nZ Atlantic City m\u00f3j \u015bpiew \u0142ab\u0119dzi<br \/>\n[My Swansong from Atlantic City]<br \/>\nAndrzej Wala<\/h3>\n<p>pages 80,<br \/>\nframe size 14,5cm x 20,5cm<br \/>\nPrice US: $7, Poland: 10 PLN<\/p>\n<p>Description<\/p>\n<p>The last 33 radio speeches for Radio Zbli\u017cenia WNWR 1540 Philadelphia, PA, supplemental to the first volume &#8220;Z Atlantic City m\u00f3wi do Pa\u0144stwa&#8230;&#8221; [From Atlantic City speaks to you&#8230;&#8221;].<br \/>\nPAES\/PATE &#8211; TIPI, Atlantic City &#8211; Wielichowo 2010.[\/vc_column_text][\/vc_column][\/vc_row]<\/p>\n<\/div>","protected":false},"excerpt":{"rendered":"<p>[vc_row][vc_column width=&#8221;1\/3&#8243;][\/vc_column][vc_column width=&#8221;2\/3&#8243;][vc_column_text] In Polish only Referaty Seminari\u00f3w Antropologicznych 1990-2000 [Papers from Anthropological Seminars 1990-2000] Krystyna Baliszewska i Andrzej Wala, Atlantic City &#8211; Wielichowo 2001, 400 pages, frame size 16,5cm x 24cm Price: US $20.00, Poland: 20 PLN List of articles: About Beginnings of Society, and How it Survives \u2013 Andrew J.R. Wala Introduction \u2013 [&hellip;]<\/p>\n","protected":false},"author":1,"featured_media":0,"parent":44,"menu_order":0,"comment_status":"closed","ping_status":"closed","template":"","meta":[],"categories":[],"tags":[],"_links":{"self":[{"href":"https:\/\/paespate.net\/en\/wp-json\/wp\/v2\/pages\/48\/"}],"collection":[{"href":"https:\/\/paespate.net\/en\/wp-json\/wp\/v2\/pages\/"}],"about":[{"href":"https:\/\/paespate.net\/en\/wp-json\/wp\/v2\/types\/page\/"}],"author":[{"embeddable":true,"href":"https:\/\/paespate.net\/en\/wp-json\/wp\/v2\/users\/1\/"}],"replies":[{"embeddable":true,"href":"https:\/\/paespate.net\/en\/wp-json\/wp\/v2\/comments\/?post=48"}],"version-history":[{"count":0,"href":"https:\/\/paespate.net\/en\/wp-json\/wp\/v2\/pages\/48\/revisions\/"}],"up":[{"embeddable":true,"href":"https:\/\/paespate.net\/en\/wp-json\/wp\/v2\/pages\/44\/"}],"wp:attachment":[{"href":"https:\/\/paespate.net\/en\/wp-json\/wp\/v2\/media\/?parent=48"}],"wp:term":[{"taxonomy":"category","embeddable":true,"href":"https:\/\/paespate.net\/en\/wp-json\/wp\/v2\/categories\/?post=48"},{"taxonomy":"post_tag","embeddable":true,"href":"https:\/\/paespate.net\/en\/wp-json\/wp\/v2\/tags\/?post=48"}],"curies":[{"name":"wp","href":"https:\/\/api.w.org\/{rel}","templated":true}]}}