{"id":45,"date":"2018-08-27T08:04:43","date_gmt":"2018-08-27T08:04:43","guid":{"rendered":"http:\/\/nms007.linuxpl.info\/?page_id=45"},"modified":"2020-10-14T22:42:10","modified_gmt":"2020-10-14T22:42:10","slug":"members","status":"publish","type":"page","link":"https:\/\/paespate.net\/en\/paes-pate\/members\/","title":{"rendered":"Members"},"content":{"rendered":"<div class=\"wpb-content-wrapper\"><p>[vc_row][vc_column el_class=&#8221;home-block&#8221;][vc_custom_heading text=&#8221;Founder and Director<\/p>\n<p>&#8221; use_theme_fonts=&#8221;yes&#8221;][vc_column_text]<\/p>\n<h3>Andrew Wala : 1976-2018<\/h3>\n<p>[\/vc_column_text][vc_custom_heading text=&#8221;Honorary member&#8221; use_theme_fonts=&#8221;yes&#8221;][vc_column_text]<\/p>\n<h3>Aleksander Posern-Zilei\u0144ski<\/h3>\n<p>[\/vc_column_text][vc_custom_heading text=&#8221;Board of directors&#8221; use_theme_fonts=&#8221;yes&#8221;][vc_column_text]<\/p>\n<h3>Izabela Barry<\/h3>\n<h3>Justyna Laskowska-Otwinowska<\/h3>\n<h3>Henryk Paterak<\/h3>\n<h3>Maria Rubin<\/h3>\n<h3>Barbara Wala<\/h3>\n<p>[\/vc_column_text][vc_column_text]<\/p>\n<h4>In the USA annual dues dues are set as US$50.00<br \/>\nIn Poland annual dues are set as 50 PLN<\/h4>\n<p><strong>Terms of getting the membership are explained in Article V of the Constitution and By-Laws, see: &#8216;Constitution and By-Laws&#8217;<\/strong>[\/vc_column_text][vc_column_text]<\/p>\n<h3><strong>Download, print and fill The Membership Application:<\/strong><\/h3>\n<p>[\/vc_column_text][vc_btn title=&#8221;Download WORD file&#8221; style=&#8221;classic&#8221; shape=&#8221;square&#8221; i_icon_fontawesome=&#8221;fa fa-file-text-o&#8221; add_icon=&#8221;true&#8221; link=&#8221;url:http%3A%2F%2Fnms007.linuxpl.info%2Fwp-content%2Fuploads%2F2019%2F09%2FNew_membership_PAES_application-2.docx|||&#8221;][vc_btn title=&#8221;Download PDF file&#8221; style=&#8221;classic&#8221; shape=&#8221;square&#8221; i_icon_fontawesome=&#8221;fa fa-file-pdf-o&#8221; add_icon=&#8221;true&#8221; link=&#8221;url:http%3A%2F%2Fnms007.linuxpl.info%2Fwp-content%2Fuploads%2F2019%2F09%2FNew_membership_PAES_application-2.pdf|||&#8221;][vc_column_text]<\/p>\n<h3 style=\"text-align: center;\">Members of the Polish-American Ethnological Society in Memory of Bronislaw Malinowski<br \/>\n1976-2016<\/h3>\n<p>[\/vc_column_text][vc_column_text]Krystyna BALISZEWSKA 1989-; Krzysztof BALISZEWSKI 1992-2009; Robert BALISZEWSKI 1994-2009; Jerzy BARANKIEWICZ 2011-; Pawe\u0142 B\u0104KOWSKI 1999; John BEATTY 1999-; Ma\u0142gorzata BERCZY\u0143SKA 1994; Wac\u0142aw BERCZY\u0143SKI 1994; Jerzy BEZUCHA 1992; Wies\u0142awa BEZUCHA 1992; Marta BIERSKA (ADAMO) 1985-1997; Zbigniew BIERSKI 1986-1990; Eva BILKOVA 1987; Lidia BOGUSZ 1988-1990; Ewa BORSUKIEWICZ 2011-; Ignacy J. BRECZKO 1986-1990; Jolanta BRECZKO 1986-1990; <em>Krzysztof J. BROZI<\/em> 1990-1996; Ma\u0142gorzata CEG\u0141OWSKA 2012-; Krzysztof CEG\u0141OWSKI 2012-; Melanie CHELSTOWSKI 1976; Joseph CHLEBECEK 1976-1985; Alicja CIEMNOCZO\u0141OWSKA 2012-; Jakub CIEMNOCZO\u0141OWSKI 2012-; Janina CZAJA 1985-1990; Alfred CZAPKA 2010- ; Anna M. CZY\u017b 1999-2009; Jerzy CZY\u017b 1990-2011, 2015-; Anna M. DOBROWOLSKA 1995-2009, 2013-; Mary DOMBROWSKI (SOKOLOFF) 1976-1985; Ewa D\u017bURAK 1993-1998, 2011-; Tomasz D\u017bURAK 2016-; Anna ENGELKING (SZAFRA\u0143SKA) 1994-2009; Igor FEDASZ 1992-2004; Bogus\u0142aw FIGIELA 1995; Patricia FURMA\u0143SKA 1997; Andrzej FURMA\u0143SKI 1986-1997; Ewelina GA\u0141\u0104ZKA 2015-; Ma\u0142gorzata G\u0104SIENICA SZOSTAK-MA\u0141EK 1999-2002; Renata G\u0104SIOROWSKA 1986-2002; Mi\u0142osz P. GIERSZ 2003-2009; <em>Ralph H. GILLUM<\/em> 1991; Miros\u0142aw G\u0141USZKIEWICZ 1994-1998; Bogdan GODEK 1998-2002; Marcin G\u00d3RKA 1994-; Kazimiera GRALA 1997-2004; Maria GRYGA 1990-1994; Olga HABURA 1976-1985; Bartosz HLEBOWICZ 2001-2014; Robert HOLSKI 1985-1992; Marcin HO\u0141DA 1993; Wojciech JAB\u0141O\u0143SKI 1994-1998; Marta A JAMROSZCZAK 2015-; Aleksandra JANOWSKA 2010-; Piotr JAWORSKI 2015-; <em>Barbara JESIOTR 1999<\/em>; \u0141ukasz KACZMAREK 2011; Maciej KARWOWSKI 1993; Zygmunt KIDA 1997-2002; Czes\u0142aw KITOWSKI 1990-1994; Krzysztof K\u0141ODA 2015-; Urszula W. K\u0141ODA 2015-; Aleksandra A. KOCHMANSKA 2015-; Iwona KO\u0141AKOWSKA 1988-2009;\u00a0Jerzy KO\u0141AKOWSKI 1987-2009; Krzysztof KOPCZY\u0143SKI 1988-2009; Urszula KONDZIOR 1995-1998; S\u0142awomir KORZAN 1993-1998; W\u0142odzimierz KORZECKI 2000-2004, 2011; Wies\u0142aw KOSZKUL 2006-2009; El\u017cbieta KRAWCZY\u0143SKA 1994-2002; Maria KRUKIEREK (B\u0141A\u017bEJOWICZ) 1994-1998; B\u0142a\u017cej KRUPPIK 1990; Bo\u017cena KUDELSKA 1988-1994; Anna KUITKOWSKA (LASEK-DUMLER) 1994-2002, 2012; Barbara KU\u0141AKOWSKA (WALA) 1985-; Karol KU\u0141AKOWSKI 2007-2009; <em>Kazimierz KU\u0141AKOWSKI<\/em> 1995-2004; Jacek KUROWSKI 1993; Genowefa LICHO\u0143 1994-; El\u017cbieta LIMOWSKA (SCHOWGUROW) 1990-2009; Agnieszka LUBOWICZ 1990-1994; Zofia \u0141AB\u0118CKA 1994; Dominick MacARTHUR 1976-1985; <em>Wanda MacARTHUR<\/em> 1976-1985; Anna MACH 2011; Marek MACIO\u0141EK 2001-; Arkadiusz MAJCHER 1990-2002; <em>Zdravko MALJKOVI\u0106<\/em> 1976-1985; <em>Aniela MA\u0141YSA<\/em> 1994-1998; Witold MAS\u0141OWSKI 1990; Joanna MAZUREK 2012-; Alina MIANOWSKA 2015-; Leszek MICHALIK 2009- ; Wojciech MIKLASI\u0143SKI 1993; Timothy A. MOHAN 1985-; Carolyn MOORE 1997-1998; Adam NAWIERSKI 1993; <em>Barbara NAZARKIEWICZ<\/em> 1990-1997, 2000-2009; Leszek NIJAKOWSKI 1986-1990; Ma\u0142gorzata OBERC 1998-2004; Justyna OLKO 2001-2006; W\u0142odzimierz OLSZEWSKI 1995-1998; Irena M. ORACKA (SNOW) 1988-; Jerzy J. O\u017bGA 2015-; Rados\u0142aw PALONKA 2010-; Henryk PATERAK 1991-; Dorota PAWLIKOWSKA (BALISZEWSKA) 1995-2009; Adam PIEKARSKI 2011-; Stefan PIELKA 1994-1998; Barbara PIOTROWSKA 1976-1985; Aleksander PODOLAK 1992-1996, 2007-2009; Beata POLAK (CASH) 1992-2006; Aleksander POSERN-ZIELI\u0143SKI 1976-; Halina POZNA\u0143SKA 1994-1998; Maria RUBIN 2013-; \u0141ukasz RUDNICKI 1993; Pawe\u0142 RUDZI\u0143SKI 2015-; Leszek SARACEN 2002; Stefan SARACEN 2001-; Urszula SARACEN 2012-; <em>Basar SCHOWGUROW<\/em> 1990-1994; Edward SCHWARTZ 2011-; S\u0142awomir SIKORA 1994-2002; Maria SKIBI\u0143SKA 1998-2002; Micha\u0142 SM\u00d3LSKI 2002; Adam SOBOLEWSKI 1994-1998; Bogus\u0142awa STANKIEWICZ 1997-2009; Mieczys\u0142aw STANKIEWICZ 1997-2000; Danuta STAWARZ 1995-2002; Mariusz STAWARZ 1996-2002; Tadeusz STAWARZ 1996-2002; Marcin ST\u0104POREK 1993; Adam STR\u00d3\u017bYK 1989-; Zdzis\u0142awa SWATOWSKA 1993-2002; J\u00f3zef SWATOWSKI 1990-2002; Wojciech SZATANOWSKI 2000-2002; Danuta SZATY\u0143SKA 1976; <em>Andrzej SZATY\u0143SKI<\/em> 1976-1985; Ryszarda SZCZERBANIEWICZ 1976-1985; Krystyna SZPAK 1994; Maria SZPALA (WALA) 1976-1985; Piotr SZUSTKOWSKI 1990-1994; Agnieszka \u015aWIDER 1994-2002; El\u017cbieta \u015aWIDER (ROZBIECKA) 1991-1997; S\u0142awomir \u015aWIERZBI\u0143SKI 2012-; Robert TACIAK 1990-1994; Katarzyna TOMCZYK 2010-; Joanna TRZCIONKOWSKA 1994-2002; Marcin TRZCIONKOWSKI 1994-1998, <em>Edmund S. URBA\u0143SKI<\/em> 1988-1996; Andrzej J.R. WALA 1976-; Agata B. W\u0104SOWSKA 1999-2001; Wojciech A. W\u0118DRYCHOWSKI 2011-; Krzysztof WI\u015aNIEWSKI 1990-1998; Zofia ZYGMUNT 1994-1998; Josephine \u017bELISKO (CHLEBE\u010cEK) 1976-1985; Beata \u017bUKOWSKA (KU\u0141AKOWSKA) 1995-2004; Jaros\u0142aw \u0179RA\u0141KA 2002-;[\/vc_column_text][\/vc_column][\/vc_row][vc_row][vc_column][\/vc_column][\/vc_row]<\/p>\n<\/div>","protected":false},"excerpt":{"rendered":"<p>[vc_row][vc_column el_class=&#8221;home-block&#8221;][vc_custom_heading text=&#8221;Founder and Director &#8221; use_theme_fonts=&#8221;yes&#8221;][vc_column_text] Andrew Wala : 1976-2018 [\/vc_column_text][vc_custom_heading text=&#8221;Honorary member&#8221; use_theme_fonts=&#8221;yes&#8221;][vc_column_text] Aleksander Posern-Zilei\u0144ski [\/vc_column_text][vc_custom_heading text=&#8221;Board of directors&#8221; use_theme_fonts=&#8221;yes&#8221;][vc_column_text] Izabela Barry Justyna Laskowska-Otwinowska Henryk Paterak Maria Rubin Barbara Wala [\/vc_column_text][vc_column_text] In the USA annual dues dues are set as US$50.00 In Poland annual dues are set as 50 PLN Terms of getting [&hellip;]<\/p>\n","protected":false},"author":1,"featured_media":0,"parent":44,"menu_order":0,"comment_status":"closed","ping_status":"closed","template":"","meta":[],"categories":[],"tags":[],"_links":{"self":[{"href":"https:\/\/paespate.net\/en\/wp-json\/wp\/v2\/pages\/45\/"}],"collection":[{"href":"https:\/\/paespate.net\/en\/wp-json\/wp\/v2\/pages\/"}],"about":[{"href":"https:\/\/paespate.net\/en\/wp-json\/wp\/v2\/types\/page\/"}],"author":[{"embeddable":true,"href":"https:\/\/paespate.net\/en\/wp-json\/wp\/v2\/users\/1\/"}],"replies":[{"embeddable":true,"href":"https:\/\/paespate.net\/en\/wp-json\/wp\/v2\/comments\/?post=45"}],"version-history":[{"count":0,"href":"https:\/\/paespate.net\/en\/wp-json\/wp\/v2\/pages\/45\/revisions\/"}],"up":[{"embeddable":true,"href":"https:\/\/paespate.net\/en\/wp-json\/wp\/v2\/pages\/44\/"}],"wp:attachment":[{"href":"https:\/\/paespate.net\/en\/wp-json\/wp\/v2\/media\/?parent=45"}],"wp:term":[{"taxonomy":"category","embeddable":true,"href":"https:\/\/paespate.net\/en\/wp-json\/wp\/v2\/categories\/?post=45"},{"taxonomy":"post_tag","embeddable":true,"href":"https:\/\/paespate.net\/en\/wp-json\/wp\/v2\/tags\/?post=45"}],"curies":[{"name":"wp","href":"https:\/\/api.w.org\/{rel}","templated":true}]}}